{"id":13,"date":"2024-08-08T17:46:22","date_gmt":"2024-08-08T17:46:22","guid":{"rendered":"https:\/\/www.prosperacorp.com.br\/?page_id=13"},"modified":"2024-08-26T17:52:02","modified_gmt":"2024-08-26T17:52:02","slug":"prosperast","status":"publish","type":"page","link":"https:\/\/www.prosperacorp.com.br\/index.php\/solucoes\/prosperast\/","title":{"rendered":"ProsperaST"},"content":{"rendered":"\t\t<div data-elementor-type=\"wp-page\" data-elementor-id=\"13\" class=\"elementor elementor-13\" data-elementor-post-type=\"page\">\n\t\t\t\t<div class=\"elementor-element elementor-element-8a8e5d3 e-flex e-con-boxed e-con e-parent\" data-id=\"8a8e5d3\" data-element_type=\"container\" data-e-type=\"container\" data-settings=\"{&quot;background_background&quot;:&quot;classic&quot;}\">\n\t\t\t\t\t<div class=\"e-con-inner\">\n\t\t\t\t<div class=\"elementor-element elementor-element-6650bd0 elementor-widget elementor-widget-heading\" data-id=\"6650bd0\" data-element_type=\"widget\" data-e-type=\"widget\" data-widget_type=\"heading.default\">\n\t\t\t\t<div class=\"elementor-widget-container\">\n\t\t\t\t\t<h2 class=\"elementor-heading-title elementor-size-default\">ProsperaST<\/h2>\t\t\t\t<\/div>\n\t\t\t\t<\/div>\n\t\t\t\t<div class=\"elementor-element elementor-element-a790429 elementor-icon-list--layout-inline elementor-align-end elementor-list-item-link-full_width elementor-widget elementor-widget-icon-list\" data-id=\"a790429\" data-element_type=\"widget\" data-e-type=\"widget\" data-widget_type=\"icon-list.default\">\n\t\t\t\t<div class=\"elementor-widget-container\">\n\t\t\t\t\t\t\t<ul class=\"elementor-icon-list-items elementor-inline-items\">\n\t\t\t\t\t\t\t<li class=\"elementor-icon-list-item elementor-inline-item\">\n\t\t\t\t\t\t\t\t\t\t\t<a href=\"https:\/\/www.prosperacorp.com.br\/\">\n\n\t\t\t\t\t\t\t\t\t\t\t<span class=\"elementor-icon-list-text\">HOME<\/span>\n\t\t\t\t\t\t\t\t\t\t\t<\/a>\n\t\t\t\t\t\t\t\t\t<\/li>\n\t\t\t\t\t\t\t\t<li class=\"elementor-icon-list-item elementor-inline-item\">\n\t\t\t\t\t\t\t\t\t\t\t<a href=\"https:\/\/www.prosperacorp.com.br\/\">\n\n\t\t\t\t\t\t\t\t\t\t\t\t<span class=\"elementor-icon-list-icon\">\n\t\t\t\t\t\t\t<i aria-hidden=\"true\" class=\"fas fa-angle-right\"><\/i>\t\t\t\t\t\t<\/span>\n\t\t\t\t\t\t\t\t\t\t<span class=\"elementor-icon-list-text\">SOLU\u00c7\u00d5ES<\/span>\n\t\t\t\t\t\t\t\t\t\t\t<\/a>\n\t\t\t\t\t\t\t\t\t<\/li>\n\t\t\t\t\t\t\t\t<li class=\"elementor-icon-list-item elementor-inline-item\">\n\t\t\t\t\t\t\t\t\t\t\t<a href=\"https:\/\/www.prosperacorp.com.br\/\">\n\n\t\t\t\t\t\t\t\t\t\t\t\t<span class=\"elementor-icon-list-icon\">\n\t\t\t\t\t\t\t<i aria-hidden=\"true\" class=\"fas fa-angle-right\"><\/i>\t\t\t\t\t\t<\/span>\n\t\t\t\t\t\t\t\t\t\t<span class=\"elementor-icon-list-text\">ProsperaST<\/span>\n\t\t\t\t\t\t\t\t\t\t\t<\/a>\n\t\t\t\t\t\t\t\t\t<\/li>\n\t\t\t\t\t\t<\/ul>\n\t\t\t\t\t\t<\/div>\n\t\t\t\t<\/div>\n\t\t\t\t\t<\/div>\n\t\t\t\t<\/div>\n\t\t<div class=\"elementor-element elementor-element-13b80fc e-flex e-con-boxed e-con e-parent\" data-id=\"13b80fc\" data-element_type=\"container\" data-e-type=\"container\">\n\t\t\t\t\t<div class=\"e-con-inner\">\n\t\t<div class=\"elementor-element elementor-element-d5a936f e-con-full e-flex e-con e-child\" data-id=\"d5a936f\" data-element_type=\"container\" data-e-type=\"container\">\n\t\t\t\t<div class=\"elementor-element elementor-element-a40bfcc elementor-widget elementor-widget-heading\" data-id=\"a40bfcc\" data-element_type=\"widget\" data-e-type=\"widget\" data-widget_type=\"heading.default\">\n\t\t\t\t<div class=\"elementor-widget-container\">\n\t\t\t\t\t<h2 class=\"elementor-heading-title elementor-size-default\">Garanta a sa\u00fade e seguran\u00e7a dos seus colaboradores e a conformidade com as normas regulamentadoras.<\/h2>\t\t\t\t<\/div>\n\t\t\t\t<\/div>\n\t\t\t\t<div class=\"elementor-element elementor-element-0e5cbaf elementor-widget elementor-widget-text-editor\" data-id=\"0e5cbaf\" data-element_type=\"widget\" data-e-type=\"widget\" data-widget_type=\"text-editor.default\">\n\t\t\t\t<div class=\"elementor-widget-container\">\n\t\t\t\t\t\t\t\t\t<p>Na ProsperaST, somos especialistas em seguran\u00e7a do trabalho. Nossa miss\u00e3o \u00e9 garantir a sa\u00fade e o bem-estar dos seus colaboradores, al\u00e9m de proteger sua empresa de multas e processos trabalhistas.<\/p>\t\t\t\t\t\t\t\t<\/div>\n\t\t\t\t<\/div>\n\t\t\t\t<div class=\"elementor-element elementor-element-dd9278b elementor-mobile-align-center elementor-widget elementor-widget-button\" data-id=\"dd9278b\" data-element_type=\"widget\" data-e-type=\"widget\" data-widget_type=\"button.default\">\n\t\t\t\t<div class=\"elementor-widget-container\">\n\t\t\t\t\t\t\t\t\t<div class=\"elementor-button-wrapper\">\n\t\t\t\t\t<a class=\"elementor-button elementor-button-link elementor-size-sm elementor-animation-float\" href=\"#solucoes\">\n\t\t\t\t\t\t<span class=\"elementor-button-content-wrapper\">\n\t\t\t\t\t\t<span class=\"elementor-button-icon\">\n\t\t\t\t<i aria-hidden=\"true\" class=\"fab fa-whatsapp\"><\/i>\t\t\t<\/span>\n\t\t\t\t\t\t\t\t\t<span class=\"elementor-button-text\">Fale com um Especialista<\/span>\n\t\t\t\t\t<\/span>\n\t\t\t\t\t<\/a>\n\t\t\t\t<\/div>\n\t\t\t\t\t\t\t\t<\/div>\n\t\t\t\t<\/div>\n\t\t\t\t<\/div>\n\t\t<div class=\"elementor-element elementor-element-6a80f87 e-con-full e-flex e-con e-child\" data-id=\"6a80f87\" data-element_type=\"container\" data-e-type=\"container\">\n\t\t\t\t<div class=\"elementor-element elementor-element-6a55f9b elementor-widget elementor-widget-image\" data-id=\"6a55f9b\" data-element_type=\"widget\" data-e-type=\"widget\" data-widget_type=\"image.default\">\n\t\t\t\t<div class=\"elementor-widget-container\">\n\t\t\t\t\t\t\t\t\t\t\t\t\t\t\t<img fetchpriority=\"high\" decoding=\"async\" width=\"800\" height=\"800\" src=\"https:\/\/www.prosperacorp.com.br\/wp-content\/uploads\/2024\/08\/prosperast-1024x1024.jpg\" class=\"attachment-large size-large wp-image-481\" alt=\"\" srcset=\"https:\/\/www.prosperacorp.com.br\/wp-content\/uploads\/2024\/08\/prosperast-1024x1024.jpg 1024w, https:\/\/www.prosperacorp.com.br\/wp-content\/uploads\/2024\/08\/prosperast-300x300.jpg 300w, https:\/\/www.prosperacorp.com.br\/wp-content\/uploads\/2024\/08\/prosperast-150x150.jpg 150w, https:\/\/www.prosperacorp.com.br\/wp-content\/uploads\/2024\/08\/prosperast-768x768.jpg 768w, https:\/\/www.prosperacorp.com.br\/wp-content\/uploads\/2024\/08\/prosperast.jpg 1080w\" sizes=\"(max-width: 800px) 100vw, 800px\" \/>\t\t\t\t\t\t\t\t\t\t\t\t\t\t\t<\/div>\n\t\t\t\t<\/div>\n\t\t\t\t<\/div>\n\t\t\t\t\t<\/div>\n\t\t\t\t<\/div>\n\t\t<div class=\"elementor-element elementor-element-0e0cefe e-flex e-con-boxed e-con e-parent\" data-id=\"0e0cefe\" data-element_type=\"container\" data-e-type=\"container\">\n\t\t\t\t\t<div class=\"e-con-inner\">\n\t\t<div class=\"elementor-element elementor-element-179232e e-con-full e-flex e-con e-child\" data-id=\"179232e\" data-element_type=\"container\" data-e-type=\"container\">\n\t\t\t\t<div class=\"elementor-element elementor-element-b89f174 elementor-view-stacked elementor-shape-square elementor-position-block-start elementor-mobile-position-block-start elementor-widget elementor-widget-icon-box\" data-id=\"b89f174\" data-element_type=\"widget\" data-e-type=\"widget\" data-widget_type=\"icon-box.default\">\n\t\t\t\t<div class=\"elementor-widget-container\">\n\t\t\t\t\t\t\t<div class=\"elementor-icon-box-wrapper\">\n\n\t\t\t\t\t\t<div class=\"elementor-icon-box-icon\">\n\t\t\t\t<span  class=\"elementor-icon\">\n\t\t\t\t<svg xmlns=\"http:\/\/www.w3.org\/2000\/svg\" id=\"Capa_1\" height=\"512\" viewBox=\"0 0 512 512\" width=\"512\"><g><path d=\"m112.366 269.958 11.35-6.553c5.614 5.332 12.431 9.407 20.007 11.749v12.908h30v-12.908c7.576-2.342 14.393-6.417 20.007-11.749l11.35 6.553 15-25.98-11.622-6.71c.747-3.464 1.151-7.055 1.151-10.739 0-4.096-.5-8.076-1.418-11.895l11.89-6.864-15-25.98-12.207 7.048c-5.444-4.937-11.959-8.713-19.15-10.936v-14.217h-30v14.217c-7.191 2.223-13.706 5.999-19.15 10.936l-12.208-7.048-15 25.98 11.89 6.865c-.918 3.818-1.418 7.798-1.418 11.894 0 3.684.403 7.275 1.151 10.739l-11.623 6.71zm25.472-43.43c0-11.517 9.369-20.886 20.885-20.886s20.885 9.369 20.885 20.886c0 11.516-9.369 20.885-20.885 20.885s-20.885-9.369-20.885-20.885z\"><\/path><path d=\"m104.866 120.5h234.75v30h-234.75z\"><\/path><path d=\"m104.866 60.25h165.134v30h-165.134z\"><\/path><path d=\"m104.866 361.5h165.134v30h-165.134z\"><\/path><path d=\"m467.384 180.75h-67.433v-180.75h-355.335v451.747h280.19v.108c0 33.164 26.981 60.145 60.146 60.145s60.145-26.98 60.145-60.145v-180.855h22.288v-90.25zm-30 60.25h-105.036v-30.25h105.036zm-362.768 180.747v-391.747h295.335v150.75h-67.604v90.25h22.458v30.25h-219.94v30h219.94v90.497zm310.335 60.253c-16.622 0-30.146-13.522-30.146-30.145v-120.605h60.29v120.605c.001 16.623-13.522 30.145-30.144 30.145zm30.145-180.75h-60.29v-30.25h60.29z\"><\/path><\/g><\/svg>\t\t\t\t<\/span>\n\t\t\t<\/div>\n\t\t\t\n\t\t\t\t\t\t<div class=\"elementor-icon-box-content\">\n\n\t\t\t\t\t\t\t\t\t<h3 class=\"elementor-icon-box-title\">\n\t\t\t\t\t\t<span  >\n\t\t\t\t\t\t\tPCMSO\t\t\t\t\t\t<\/span>\n\t\t\t\t\t<\/h3>\n\t\t\t\t\n\t\t\t\t\t\t\t\t\t<p class=\"elementor-icon-box-description\">\n\t\t\t\t\t\tElaboramos e implementamos programas de controle m\u00e9dico de sa\u00fade ocupacional.\t\t\t\t\t<\/p>\n\t\t\t\t\n\t\t\t<\/div>\n\t\t\t\n\t\t<\/div>\n\t\t\t\t\t\t<\/div>\n\t\t\t\t<\/div>\n\t\t\t\t<\/div>\n\t\t<div class=\"elementor-element elementor-element-002e535 e-con-full e-flex e-con e-child\" data-id=\"002e535\" data-element_type=\"container\" data-e-type=\"container\">\n\t\t\t\t<div class=\"elementor-element elementor-element-dc64e4c elementor-view-stacked elementor-shape-square elementor-position-block-start elementor-mobile-position-block-start elementor-widget elementor-widget-icon-box\" data-id=\"dc64e4c\" data-element_type=\"widget\" data-e-type=\"widget\" data-widget_type=\"icon-box.default\">\n\t\t\t\t<div class=\"elementor-widget-container\">\n\t\t\t\t\t\t\t<div class=\"elementor-icon-box-wrapper\">\n\n\t\t\t\t\t\t<div class=\"elementor-icon-box-icon\">\n\t\t\t\t<span  class=\"elementor-icon\">\n\t\t\t\t<svg xmlns=\"http:\/\/www.w3.org\/2000\/svg\" id=\"Capa_1\" height=\"512\" viewBox=\"0 0 512 512\" width=\"512\"><g><path d=\"m499.906 297.182c-15.507-15.507-40.393-16.131-56.655-1.416l-86.324 78.104c-1.614-23.359-21.133-41.87-44.894-41.87h-75.463c-19.195-12.583-41.437-18.999-64.421-18.6-16.94.306-33.348 4.335-48.311 11.744-6.42-8.005-16.272-13.144-27.308-13.144h-61.53c-19.299 0-35 15.701-35 35v130c0 19.299 15.701 35 35 35h61.53c13.934 0 25.988-8.186 31.616-20h203.448c26.324 0 51.697-11.063 69.612-30.354l99.753-107.416c15.119-16.281 14.656-41.339-1.053-57.048zm-398.376 179.818c0 2.757-2.243 5-5 5h-61.53c-2.757 0-5-2.243-5-5v-130c0-2.757 2.243-5 5-5h61.53c2.757 0 5 2.243 5 5zm377.447-143.185-99.753 107.415c-12.258 13.2-29.618 20.77-47.63 20.77h-200.064v-106.919c27.414-16.183 62.343-15.494 89.145 2.374l3.04 2.026c2.464 1.643 5.358 2.519 8.319 2.519h79.999c8.271 0 15 6.729 15 15s-6.729 15-14.999 15h-90c-8.284 0-15 6.716-15 15s6.716 15 15 15h97.516c18.632 0 36.502-6.885 50.318-19.385l93.509-84.604c4.396-3.979 11.123-3.81 15.314.384 4.248 4.247 4.373 11.019.286 15.42z\"><\/path><path d=\"m178.587 287.898h218.37c16.087 0 30.573-8.271 38.751-22.122 8.178-13.853 8.421-30.531.65-44.616l-109.185-197.898c-8.037-14.567-22.767-23.262-39.402-23.262-16.635.001-31.364 8.696-39.399 23.262l-109.186 197.898c-7.771 14.085-7.527 30.764.65 44.616 8.179 13.852 22.664 22.122 38.751 22.122zm-13.134-52.246 109.186-197.898c3.86-6.998 10.47-7.754 13.133-7.754 2.662 0 9.272.756 13.134 7.754l109.186 197.898c3.733 6.768 1.092 12.654-.217 14.872-1.309 2.217-5.188 7.374-12.917 7.374h-218.37c-7.729 0-11.608-5.157-12.917-7.374-1.31-2.217-3.951-8.104-.218-14.872z\"><\/path><path d=\"m287.772 177.898c8.284 0 15-6.716 15-15v-65c0-8.284-6.716-15-15-15s-15 6.716-15 15v65c0 8.285 6.715 15 15 15z\"><\/path><path d=\"m287.772 197.898c-8.284 0-15 6.716-15 15s6.716 15 15 15 15-6.716 15-15-6.716-15-15-15z\"><\/path><\/g><\/svg>\t\t\t\t<\/span>\n\t\t\t<\/div>\n\t\t\t\n\t\t\t\t\t\t<div class=\"elementor-icon-box-content\">\n\n\t\t\t\t\t\t\t\t\t<h3 class=\"elementor-icon-box-title\">\n\t\t\t\t\t\t<span  >\n\t\t\t\t\t\t\tPPRA\t\t\t\t\t\t<\/span>\n\t\t\t\t\t<\/h3>\n\t\t\t\t\n\t\t\t\t\t\t\t\t\t<p class=\"elementor-icon-box-description\">\n\t\t\t\t\t\tIdentificamos e controlamos os riscos ambientais presentes no seu ambiente de trabalho.\t\t\t\t\t<\/p>\n\t\t\t\t\n\t\t\t<\/div>\n\t\t\t\n\t\t<\/div>\n\t\t\t\t\t\t<\/div>\n\t\t\t\t<\/div>\n\t\t\t\t<\/div>\n\t\t<div class=\"elementor-element elementor-element-0b3739a e-con-full e-flex e-con e-child\" data-id=\"0b3739a\" data-element_type=\"container\" data-e-type=\"container\">\n\t\t\t\t<div class=\"elementor-element elementor-element-f0487e4 elementor-view-stacked elementor-shape-square elementor-position-block-start elementor-mobile-position-block-start elementor-widget elementor-widget-icon-box\" data-id=\"f0487e4\" data-element_type=\"widget\" data-e-type=\"widget\" data-widget_type=\"icon-box.default\">\n\t\t\t\t<div class=\"elementor-widget-container\">\n\t\t\t\t\t\t\t<div class=\"elementor-icon-box-wrapper\">\n\n\t\t\t\t\t\t<div class=\"elementor-icon-box-icon\">\n\t\t\t\t<span  class=\"elementor-icon\">\n\t\t\t\t<svg xmlns=\"http:\/\/www.w3.org\/2000\/svg\" xmlns:xlink=\"http:\/\/www.w3.org\/1999\/xlink\" id=\"Camada_1\" x=\"0px\" y=\"0px\" viewBox=\"0 0 240 240\" style=\"enable-background:new 0 0 240 240;\" xml:space=\"preserve\"><path d=\"M200,30h-80l-18.3,17.3c2.4,4.9,3.7,10.4,3.7,16.2c0,20.4-16.5,36.9-36.9,36.9c-6.6,0-12.7-1.7-18.1-4.8L30,115v85 c0,5.5,4.5,10,10,10h160c5.5,0,10-4.5,10-10V40C210,34.5,205.5,30,200,30z M190,190H50v-75h60c5.5,0,10-4.5,10-10V50h70V190z\"><\/path><\/svg>\t\t\t\t<\/span>\n\t\t\t<\/div>\n\t\t\t\n\t\t\t\t\t\t<div class=\"elementor-icon-box-content\">\n\n\t\t\t\t\t\t\t\t\t<h3 class=\"elementor-icon-box-title\">\n\t\t\t\t\t\t<span  >\n\t\t\t\t\t\t\tE-Social\t\t\t\t\t\t<\/span>\n\t\t\t\t\t<\/h3>\n\t\t\t\t\n\t\t\t\t\t\t\t\t\t<p class=\"elementor-icon-box-description\">\n\t\t\t\t\t\tGarantimos a correta gest\u00e3o das informa\u00e7\u00f5es trabalhistas e previdenci\u00e1rias.\t\t\t\t\t<\/p>\n\t\t\t\t\n\t\t\t<\/div>\n\t\t\t\n\t\t<\/div>\n\t\t\t\t\t\t<\/div>\n\t\t\t\t<\/div>\n\t\t\t\t<\/div>\n\t\t<div class=\"elementor-element elementor-element-a24881e e-con-full e-flex e-con e-child\" data-id=\"a24881e\" data-element_type=\"container\" data-e-type=\"container\">\n\t\t\t\t<div class=\"elementor-element elementor-element-989b6af elementor-view-stacked elementor-shape-square elementor-position-block-start elementor-mobile-position-block-start elementor-widget elementor-widget-icon-box\" data-id=\"989b6af\" data-element_type=\"widget\" data-e-type=\"widget\" data-widget_type=\"icon-box.default\">\n\t\t\t\t<div class=\"elementor-widget-container\">\n\t\t\t\t\t\t\t<div class=\"elementor-icon-box-wrapper\">\n\n\t\t\t\t\t\t<div class=\"elementor-icon-box-icon\">\n\t\t\t\t<span  class=\"elementor-icon\">\n\t\t\t\t<svg xmlns=\"http:\/\/www.w3.org\/2000\/svg\" id=\"Capa_1\" height=\"512\" viewBox=\"0 0 512 512\" width=\"512\"><g><path d=\"m75 121h140c8.284 0 15-6.716 15-15s-6.716-15-15-15h-140c-8.284 0-15 6.716-15 15s6.716 15 15 15z\"><\/path><path d=\"m160 406c0 8.284 6.716 15 15 15h100c8.284 0 15-6.716 15-15s-6.716-15-15-15h-100c-8.284 0-15 6.716-15 15z\"><\/path><path d=\"m505.964 443.493-40-69.282c-9.796-16.967-28.971-25.132-47.195-21.745l-16.803-29.103c27.359-21.042 45.027-54.091 45.027-91.195 0-57.286-42.106-104.918-96.993-113.587v-102.581c0-8.284-6.716-15-15-15h-320c-8.284 0-15 6.716-15 15v480c0 8.284 6.716 15 15 15h320c8.284 0 15-6.716 15-15v-150.245c9.063-1.431 17.776-3.926 26.009-7.35l16.779 29.062c-12.045 14.089-14.562 34.778-4.766 51.745l40 69.282c12.426 21.523 39.948 28.897 61.471 16.471 21.523-12.428 28.897-39.949 16.471-61.472zm-185.964 37.507h-290v-450h290v86.792c-26.981 2.809-51.219 14.983-69.395 33.208h-175.605c-8.284 0-15 6.716-15 15s6.716 15 15 15h154.025c-4.666 9.352-8.095 19.423-10.072 30h-143.953c-8.284 0-15 6.716-15 15s6.716 15 15 15h142.329c.797 10.45 3.003 20.511 6.418 30h-148.747c-8.284 0-15 6.716-15 15s6.716 15 15 15h164.922c18.734 24.995 47.393 42.142 80.078 45.544zm11.993-163.832c-46.869 0-85-38.131-85-85s38.131-85 85-85 85 38.131 85 85-38.131 85-85 85zm142.5 161.815c-7.174 4.142-16.348 1.684-20.49-5.49l-40-69.282c-4.142-7.174-1.684-16.348 5.49-20.49h.001.001c7.174-4.141 16.348-1.683 20.49 5.491l40 69.282c4.14 7.173 1.682 16.347-5.492 20.489z\"><\/path><path d=\"m230 346c0-8.284-6.716-15-15-15h-140c-8.284 0-15 6.716-15 15s6.716 15 15 15h140c8.284 0 15-6.716 15-15z\"><\/path><path d=\"m356.425 204.538-36.234 36.234-12.963-12.964c-6.029-6.028-15.909-5.854-21.713.524-5.437 5.974-4.912 15.278.8 20.989l23.27 23.27c5.858 5.858 15.355 5.858 21.213 0l47.14-47.14c6.028-6.028 5.853-15.91-.525-21.714-5.974-5.436-15.277-4.911-20.988.801z\"><\/path><\/g><\/svg>\t\t\t\t<\/span>\n\t\t\t<\/div>\n\t\t\t\n\t\t\t\t\t\t<div class=\"elementor-icon-box-content\">\n\n\t\t\t\t\t\t\t\t\t<h3 class=\"elementor-icon-box-title\">\n\t\t\t\t\t\t<span  >\n\t\t\t\t\t\t\tAuditorias\t\t\t\t\t\t<\/span>\n\t\t\t\t\t<\/h3>\n\t\t\t\t\n\t\t\t\t\t\t\t\t\t<p class=\"elementor-icon-box-description\">\n\t\t\t\t\t\tIdentificamos as n\u00e3o conformidades e elaboramos um plano de a\u00e7\u00e3o para a melhoria.\t\t\t\t\t<\/p>\n\t\t\t\t\n\t\t\t<\/div>\n\t\t\t\n\t\t<\/div>\n\t\t\t\t\t\t<\/div>\n\t\t\t\t<\/div>\n\t\t\t\t<\/div>\n\t\t\t\t\t<\/div>\n\t\t\t\t<\/div>\n\t\t\t\t<\/div>\n\t\t","protected":false},"excerpt":{"rendered":"<p>HOME SOLU\u00c7\u00d5ES Garanta a sa\u00fade e seguran\u00e7a dos seus colaboradores e a conformidade com as normas regulamentadoras. Na ProsperaST, somos especialistas em seguran\u00e7a do trabalho. Nossa miss\u00e3o \u00e9 garantir a sa\u00fade e o bem-estar dos seus colaboradores, al\u00e9m de proteger sua empresa de multas e processos trabalhistas. Fale com um Especialista PCMSO Elaboramos e implementamos [&hellip;]<\/p>\n","protected":false},"author":1,"featured_media":0,"parent":9,"menu_order":0,"comment_status":"closed","ping_status":"closed","template":"","meta":{"footnotes":""},"class_list":["post-13","page","type-page","status-publish","hentry"],"_links":{"self":[{"href":"https:\/\/www.prosperacorp.com.br\/index.php\/wp-json\/wp\/v2\/pages\/13","targetHints":{"allow":["GET"]}}],"collection":[{"href":"https:\/\/www.prosperacorp.com.br\/index.php\/wp-json\/wp\/v2\/pages"}],"about":[{"href":"https:\/\/www.prosperacorp.com.br\/index.php\/wp-json\/wp\/v2\/types\/page"}],"author":[{"embeddable":true,"href":"https:\/\/www.prosperacorp.com.br\/index.php\/wp-json\/wp\/v2\/users\/1"}],"replies":[{"embeddable":true,"href":"https:\/\/www.prosperacorp.com.br\/index.php\/wp-json\/wp\/v2\/comments?post=13"}],"version-history":[{"count":34,"href":"https:\/\/www.prosperacorp.com.br\/index.php\/wp-json\/wp\/v2\/pages\/13\/revisions"}],"predecessor-version":[{"id":553,"href":"https:\/\/www.prosperacorp.com.br\/index.php\/wp-json\/wp\/v2\/pages\/13\/revisions\/553"}],"up":[{"embeddable":true,"href":"https:\/\/www.prosperacorp.com.br\/index.php\/wp-json\/wp\/v2\/pages\/9"}],"wp:attachment":[{"href":"https:\/\/www.prosperacorp.com.br\/index.php\/wp-json\/wp\/v2\/media?parent=13"}],"curies":[{"name":"wp","href":"https:\/\/api.w.org\/{rel}","templated":true}]}}