{"id":11,"date":"2024-08-08T17:46:09","date_gmt":"2024-08-08T17:46:09","guid":{"rendered":"https:\/\/www.prosperacorp.com.br\/?page_id=11"},"modified":"2024-08-26T17:35:56","modified_gmt":"2024-08-26T17:35:56","slug":"prosperacorp","status":"publish","type":"page","link":"https:\/\/www.prosperacorp.com.br\/index.php\/solucoes\/prosperacorp\/","title":{"rendered":"ProsperaCORP"},"content":{"rendered":"\t\t<div data-elementor-type=\"wp-page\" data-elementor-id=\"11\" class=\"elementor elementor-11\" data-elementor-post-type=\"page\">\n\t\t\t\t<div class=\"elementor-element elementor-element-ea31f36 e-flex e-con-boxed e-con e-parent\" data-id=\"ea31f36\" data-element_type=\"container\" data-e-type=\"container\" data-settings=\"{&quot;background_background&quot;:&quot;classic&quot;}\">\n\t\t\t\t\t<div class=\"e-con-inner\">\n\t\t\t\t<div class=\"elementor-element elementor-element-419c5cb elementor-widget elementor-widget-heading\" data-id=\"419c5cb\" data-element_type=\"widget\" data-e-type=\"widget\" data-widget_type=\"heading.default\">\n\t\t\t\t<div class=\"elementor-widget-container\">\n\t\t\t\t\t<h2 class=\"elementor-heading-title elementor-size-default\">ProsperaCORP<\/h2>\t\t\t\t<\/div>\n\t\t\t\t<\/div>\n\t\t\t\t<div class=\"elementor-element elementor-element-6897798 elementor-icon-list--layout-inline elementor-align-end elementor-list-item-link-full_width elementor-widget elementor-widget-icon-list\" data-id=\"6897798\" data-element_type=\"widget\" data-e-type=\"widget\" data-widget_type=\"icon-list.default\">\n\t\t\t\t<div class=\"elementor-widget-container\">\n\t\t\t\t\t\t\t<ul class=\"elementor-icon-list-items elementor-inline-items\">\n\t\t\t\t\t\t\t<li class=\"elementor-icon-list-item elementor-inline-item\">\n\t\t\t\t\t\t\t\t\t\t\t<a href=\"https:\/\/www.prosperacorp.com.br\/\">\n\n\t\t\t\t\t\t\t\t\t\t\t<span class=\"elementor-icon-list-text\">HOME<\/span>\n\t\t\t\t\t\t\t\t\t\t\t<\/a>\n\t\t\t\t\t\t\t\t\t<\/li>\n\t\t\t\t\t\t\t\t<li class=\"elementor-icon-list-item elementor-inline-item\">\n\t\t\t\t\t\t\t\t\t\t\t<a href=\"https:\/\/www.prosperacorp.com.br\/\">\n\n\t\t\t\t\t\t\t\t\t\t\t\t<span class=\"elementor-icon-list-icon\">\n\t\t\t\t\t\t\t<i aria-hidden=\"true\" class=\"fas fa-angle-right\"><\/i>\t\t\t\t\t\t<\/span>\n\t\t\t\t\t\t\t\t\t\t<span class=\"elementor-icon-list-text\">SOLU\u00c7\u00d5ES<\/span>\n\t\t\t\t\t\t\t\t\t\t\t<\/a>\n\t\t\t\t\t\t\t\t\t<\/li>\n\t\t\t\t\t\t\t\t<li class=\"elementor-icon-list-item elementor-inline-item\">\n\t\t\t\t\t\t\t\t\t\t\t<a href=\"https:\/\/www.prosperacorp.com.br\/\">\n\n\t\t\t\t\t\t\t\t\t\t\t\t<span class=\"elementor-icon-list-icon\">\n\t\t\t\t\t\t\t<i aria-hidden=\"true\" class=\"fas fa-angle-right\"><\/i>\t\t\t\t\t\t<\/span>\n\t\t\t\t\t\t\t\t\t\t<span class=\"elementor-icon-list-text\">ProsperaCORP<\/span>\n\t\t\t\t\t\t\t\t\t\t\t<\/a>\n\t\t\t\t\t\t\t\t\t<\/li>\n\t\t\t\t\t\t<\/ul>\n\t\t\t\t\t\t<\/div>\n\t\t\t\t<\/div>\n\t\t\t\t\t<\/div>\n\t\t\t\t<\/div>\n\t\t<div class=\"elementor-element elementor-element-0e670f6 e-flex e-con-boxed e-con e-parent\" data-id=\"0e670f6\" data-element_type=\"container\" data-e-type=\"container\">\n\t\t\t\t\t<div class=\"e-con-inner\">\n\t\t<div class=\"elementor-element elementor-element-4cc2a05 e-con-full e-flex e-con e-child\" data-id=\"4cc2a05\" data-element_type=\"container\" data-e-type=\"container\">\n\t\t\t\t<div class=\"elementor-element elementor-element-c71c230 elementor-widget elementor-widget-heading\" data-id=\"c71c230\" data-element_type=\"widget\" data-e-type=\"widget\" data-widget_type=\"heading.default\">\n\t\t\t\t<div class=\"elementor-widget-container\">\n\t\t\t\t\t<h2 class=\"elementor-heading-title elementor-size-default\">Seu parceiro estrat\u00e9gico para o sucesso do seu neg\u00f3cio.<\/h2>\t\t\t\t<\/div>\n\t\t\t\t<\/div>\n\t\t\t\t<div class=\"elementor-element elementor-element-9620843 elementor-widget elementor-widget-text-editor\" data-id=\"9620843\" data-element_type=\"widget\" data-e-type=\"widget\" data-widget_type=\"text-editor.default\">\n\t\t\t\t<div class=\"elementor-widget-container\">\n\t\t\t\t\t\t\t\t\t<p>Descubra como a ProsperaCorp pode transformar a gest\u00e3o da sua empresa. Oferecemos solu\u00e7\u00f5es completas em contabilidade, gest\u00e3o empresarial e recursos humanos, personalizadas para as suas necessidades.<\/p>\t\t\t\t\t\t\t\t<\/div>\n\t\t\t\t<\/div>\n\t\t\t\t<div class=\"elementor-element elementor-element-599f121 elementor-widget elementor-widget-button\" data-id=\"599f121\" data-element_type=\"widget\" data-e-type=\"widget\" data-widget_type=\"button.default\">\n\t\t\t\t<div class=\"elementor-widget-container\">\n\t\t\t\t\t\t\t\t\t<div class=\"elementor-button-wrapper\">\n\t\t\t\t\t<a class=\"elementor-button elementor-button-link elementor-size-sm elementor-animation-float\" href=\"#solucoes\">\n\t\t\t\t\t\t<span class=\"elementor-button-content-wrapper\">\n\t\t\t\t\t\t<span class=\"elementor-button-icon\">\n\t\t\t\t<i aria-hidden=\"true\" class=\"fab fa-whatsapp\"><\/i>\t\t\t<\/span>\n\t\t\t\t\t\t\t\t\t<span class=\"elementor-button-text\">Fale com um Especialista<\/span>\n\t\t\t\t\t<\/span>\n\t\t\t\t\t<\/a>\n\t\t\t\t<\/div>\n\t\t\t\t\t\t\t\t<\/div>\n\t\t\t\t<\/div>\n\t\t\t\t<\/div>\n\t\t<div class=\"elementor-element elementor-element-ef29b44 e-con-full e-flex e-con e-child\" data-id=\"ef29b44\" data-element_type=\"container\" data-e-type=\"container\">\n\t\t\t\t<div class=\"elementor-element elementor-element-6d249fb elementor-widget elementor-widget-image\" data-id=\"6d249fb\" data-element_type=\"widget\" data-e-type=\"widget\" data-widget_type=\"image.default\">\n\t\t\t\t<div class=\"elementor-widget-container\">\n\t\t\t\t\t\t\t\t\t\t\t\t\t\t\t<img fetchpriority=\"high\" decoding=\"async\" width=\"800\" height=\"800\" src=\"https:\/\/www.prosperacorp.com.br\/wp-content\/uploads\/2024\/08\/prosperacorp-1024x1024.jpg\" class=\"attachment-large size-large wp-image-482\" alt=\"\" srcset=\"https:\/\/www.prosperacorp.com.br\/wp-content\/uploads\/2024\/08\/prosperacorp-1024x1024.jpg 1024w, https:\/\/www.prosperacorp.com.br\/wp-content\/uploads\/2024\/08\/prosperacorp-300x300.jpg 300w, https:\/\/www.prosperacorp.com.br\/wp-content\/uploads\/2024\/08\/prosperacorp-150x150.jpg 150w, https:\/\/www.prosperacorp.com.br\/wp-content\/uploads\/2024\/08\/prosperacorp-768x768.jpg 768w, https:\/\/www.prosperacorp.com.br\/wp-content\/uploads\/2024\/08\/prosperacorp.jpg 1080w\" sizes=\"(max-width: 800px) 100vw, 800px\" \/>\t\t\t\t\t\t\t\t\t\t\t\t\t\t\t<\/div>\n\t\t\t\t<\/div>\n\t\t\t\t<\/div>\n\t\t\t\t\t<\/div>\n\t\t\t\t<\/div>\n\t\t<div class=\"elementor-element elementor-element-f4f3fd5 e-flex e-con-boxed e-con e-parent\" data-id=\"f4f3fd5\" data-element_type=\"container\" data-e-type=\"container\">\n\t\t\t\t\t<div class=\"e-con-inner\">\n\t\t<div class=\"elementor-element elementor-element-0f8b7be e-con-full e-flex e-con e-child\" data-id=\"0f8b7be\" data-element_type=\"container\" data-e-type=\"container\">\n\t\t\t\t<div class=\"elementor-element elementor-element-66c4f53 elementor-view-stacked elementor-shape-square elementor-position-block-start elementor-mobile-position-block-start elementor-widget elementor-widget-icon-box\" data-id=\"66c4f53\" data-element_type=\"widget\" data-e-type=\"widget\" data-widget_type=\"icon-box.default\">\n\t\t\t\t<div class=\"elementor-widget-container\">\n\t\t\t\t\t\t\t<div class=\"elementor-icon-box-wrapper\">\n\n\t\t\t\t\t\t<div class=\"elementor-icon-box-icon\">\n\t\t\t\t<span  class=\"elementor-icon\">\n\t\t\t\t<svg xmlns=\"http:\/\/www.w3.org\/2000\/svg\" height=\"512pt\" viewBox=\"0 -16 512 512\" width=\"512pt\"><path d=\"m497 210c8.285156 0 15-6.714844 15-15s-6.714844-15-15-15h-15v-90h15c8.285156 0 15-6.714844 15-15s-6.714844-15-15-15h-15v-45c0-8.285156-6.714844-15-15-15s-15 6.714844-15 15v45h-153.578125c-6.195313-17.457031-22.867187-30-42.421875-30-11.515625 0-22.03125 4.355469-30 11.496094-7.96875-7.140625-18.484375-11.496094-30-11.496094s-22.03125 4.355469-30 11.496094c-7.96875-7.140625-18.484375-11.496094-30-11.496094-19.554688 0-36.226562 12.542969-42.421875 30h-33.578125v-45c0-8.285156-6.714844-15-15-15s-15 6.714844-15 15v45h-15c-8.285156 0-15 6.714844-15 15s6.714844 15 15 15h15v90h-15c-8.285156 0-15 6.714844-15 15s6.714844 15 15 15h15v90h-15c-8.285156 0-15 6.714844-15 15s6.714844 15 15 15h15v60h-15c-8.285156 0-15 6.714844-15 15v60c0 8.285156 6.714844 15 15 15h482c8.285156 0 15-6.714844 15-15v-60c0-8.285156-6.714844-15-15-15h-15v-60h15c8.285156 0 15-6.714844 15-15s-6.714844-15-15-15h-15v-90zm-241-150c8.269531 0 15 6.730469 15 15s-6.730469 15-15 15-15-6.730469-15-15 6.730469-15 15-15zm-60 0c8.269531 0 15 6.730469 15 15s-6.730469 15-15 15-15-6.730469-15-15 6.730469-15 15-15zm-60 0c8.269531 0 15 6.730469 15 15s-6.730469 15-15 15-15-6.730469-15-15 6.730469-15 15-15zm-76 30h33.578125c6.195313 17.457031 22.867187 30 42.421875 30 11.515625 0 22.03125-4.355469 30-11.496094 7.96875 7.144532 18.484375 11.496094 30 11.496094s22.03125-4.355469 30-11.496094c7.96875 7.144532 18.484375 11.496094 30 11.496094 19.554688 0 36.226562-12.542969 42.421875-30h153.578125v90h-33.578125c-6.195313-17.457031-22.867187-30-42.421875-30-11.515625 0-22.03125 4.355469-30 11.496094-7.96875-7.140625-18.484375-11.496094-30-11.496094s-22.03125 4.355469-30 11.496094c-7.96875-7.140625-18.484375-11.496094-30-11.496094-19.554688 0-36.226562 12.542969-42.421875 30h-153.578125zm331 105c0 8.269531-6.730469 15-15 15s-15-6.730469-15-15 6.730469-15 15-15 15 6.730469 15 15zm-60 0c0 8.269531-6.730469 15-15 15s-15-6.730469-15-15 6.730469-15 15-15 15 6.730469 15 15zm-60 0c0 8.269531-6.730469 15-15 15s-15-6.730469-15-15 6.730469-15 15-15 15 6.730469 15 15zm211 255h-452v-30h452zm-30-60h-392v-60h33.578125c6.195313 17.457031 22.867187 30 42.421875 30 11.515625 0 22.03125-4.355469 30-11.496094 7.96875 7.144532 18.484375 11.496094 30 11.496094s22.03125-4.355469 30-11.496094c7.96875 7.144532 18.484375 11.496094 30 11.496094 19.554688 0 36.226562-12.542969 42.421875-30h153.578125zm-331-75c0-8.269531 6.730469-15 15-15s15 6.730469 15 15-6.730469 15-15 15-15-6.730469-15-15zm60 0c0-8.269531 6.730469-15 15-15s15 6.730469 15 15-6.730469 15-15 15-15-6.730469-15-15zm60 0c0-8.269531 6.730469-15 15-15s15 6.730469 15 15-6.730469 15-15 15-15-6.730469-15-15zm211-15h-153.578125c-6.195313-17.457031-22.867187-30-42.421875-30-11.515625 0-22.03125 4.355469-30 11.496094-7.96875-7.140625-18.484375-11.496094-30-11.496094s-22.03125 4.355469-30 11.496094c-7.96875-7.140625-18.484375-11.496094-30-11.496094-19.554688 0-36.226562 12.542969-42.421875 30h-33.578125v-90h153.578125c6.195313 17.457031 22.867187 30 42.421875 30 11.515625 0 22.03125-4.355469 30-11.496094 7.96875 7.144532 18.484375 11.496094 30 11.496094s22.03125-4.355469 30-11.496094c7.96875 7.144532 18.484375 11.496094 30 11.496094 19.554688 0 36.226562-12.542969 42.421875-30h33.578125zm0 0\"><\/path><\/svg>\t\t\t\t<\/span>\n\t\t\t<\/div>\n\t\t\t\n\t\t\t\t\t\t<div class=\"elementor-icon-box-content\">\n\n\t\t\t\t\t\t\t\t\t<h3 class=\"elementor-icon-box-title\">\n\t\t\t\t\t\t<span  >\n\t\t\t\t\t\t\tContabilidade\t\t\t\t\t\t<\/span>\n\t\t\t\t\t<\/h3>\n\t\t\t\t\n\t\t\t\t\t\t\t\t\t<p class=\"elementor-icon-box-description\">\n\t\t\t\t\t\tTransforme seus n\u00fameros em decis\u00f5es estrat\u00e9gicas.\t\t\t\t\t<\/p>\n\t\t\t\t\n\t\t\t<\/div>\n\t\t\t\n\t\t<\/div>\n\t\t\t\t\t\t<\/div>\n\t\t\t\t<\/div>\n\t\t\t\t<\/div>\n\t\t<div class=\"elementor-element elementor-element-2475ce9 e-con-full e-flex e-con e-child\" data-id=\"2475ce9\" data-element_type=\"container\" data-e-type=\"container\">\n\t\t\t\t<div class=\"elementor-element elementor-element-a490a5c elementor-view-stacked elementor-shape-square elementor-position-block-start elementor-mobile-position-block-start elementor-widget elementor-widget-icon-box\" data-id=\"a490a5c\" data-element_type=\"widget\" data-e-type=\"widget\" data-widget_type=\"icon-box.default\">\n\t\t\t\t<div class=\"elementor-widget-container\">\n\t\t\t\t\t\t\t<div class=\"elementor-icon-box-wrapper\">\n\n\t\t\t\t\t\t<div class=\"elementor-icon-box-icon\">\n\t\t\t\t<span  class=\"elementor-icon\">\n\t\t\t\t<svg xmlns=\"http:\/\/www.w3.org\/2000\/svg\" height=\"512pt\" viewBox=\"0 0 512 512.0005\" width=\"512pt\"><path d=\"m497 151h-91c-8.285156 0-15 6.714844-15 15v286h-30v-196c0-8.285156-6.714844-15-15-15h-90c-8.285156 0-15 6.714844-15 15v196h-30v-106c0-8.285156-6.714844-15-15-15h-90c-8.285156 0-15 6.714844-15 15v106h-31v-437c0-8.285156-6.714844-15-15-15s-15 6.714844-15 15v15h-15c-8.285156 0-15 6.714844-15 15s6.714844 15 15 15h15v31h-15c-8.285156 0-15 6.714844-15 15s6.714844 15 15 15h15v30h-15c-8.285156 0-15 6.714844-15 15s6.714844 15 15 15h15v30h-15c-8.285156 0-15 6.714844-15 15s6.714844 15 15 15h15v30h-15c-8.285156 0-15 6.714844-15 15s6.714844 15 15 15h15v30h-15c-8.285156 0-15 6.714844-15 15s6.714844 15 15 15h15v30h-15c-8.285156 0-15 6.714844-15 15s6.714844 15 15 15h15v31h-15c-8.285156 0-15 6.714844-15 15s6.714844 15 15 15h15v15c0 8.285156 6.714844 15 15 15s15-6.714844 15-15v-15h31v15c0 8.285156 6.714844 15 15 15s15-6.714844 15-15v-15h30v15c0 8.285156 6.714844 15 15 15s15-6.714844 15-15v-15h30v15c0 8.285156 6.714844 15 15 15s15-6.714844 15-15v-15h30v15c0 8.285156 6.714844 15 15 15s15-6.714844 15-15v-15h30v15c0 8.285156 6.714844 15 15 15s15-6.714844 15-15v-15h30v15c0 8.285156 6.714844 15 15 15s15-6.714844 15-15v-15h31v15c0 8.285156 6.714844 15 15 15s15-6.714844 15-15v-15h15c8.285156 0 15-6.714844 15-15v-301c0-8.285156-6.714844-15-15-15zm-15 30v271h-61v-271zm-211 90h60v181h-60zm-90 90v91h-60v-91zm0 0\"><\/path><path d=\"m511.996094 14.894531c-.0625-7.964843-6.375-14.632812-14.546875-14.8710935-.152344-.0039063-.296875-.0234375-.449219-.0234375h-60c-8.285156 0-15 6.714844-15 15s6.714844 14.800781 15 14.800781h27.054688c-63.863282 67.75-147.464844 111.316407-209.359376 136.496094-79.839843 32.484375-142.878906 43.351563-148.882812 43.703125-8.199219.101562-14.8125 6.78125-14.8125 15 0 8.285156 6.714844 15 15 15 11.117188 0 79.640625-13.511719 157.539062-44.917969 46.644532-18.804687 89.5625-40.980469 127.554688-65.910156 34.527344-22.65625 64.960938-47.625 90.90625-74.503906v20.332031c0 8.285156 6.714844 15 15 15s15-6.714844 15-15v-60c0-.035156-.003906-.070312-.003906-.105469zm-406.105469 195.105469h.089844.019531c-.035156 0-.074219 0-.109375 0zm0 0\"><\/path><path d=\"m170.394531 115.609375c2.925781 2.925781 6.765625 4.390625 10.605469 4.390625s7.679688-1.464844 10.605469-4.394531l90-90c5.859375-5.855469 5.859375-15.355469 0-21.210938-5.855469-5.859375-15.355469-5.859375-21.210938 0l-90 90c-5.859375 5.859375-5.859375 15.355469 0 21.214844zm0 0\"><\/path><path d=\"m196 15c0 8.285156-6.714844 15-15 15s-15-6.714844-15-15 6.714844-15 15-15 15 6.714844 15 15zm0 0\"><\/path><path d=\"m286 105c0 8.285156-6.714844 15-15 15s-15-6.714844-15-15 6.714844-15 15-15 15 6.714844 15 15zm0 0\"><\/path><\/svg>\t\t\t\t<\/span>\n\t\t\t<\/div>\n\t\t\t\n\t\t\t\t\t\t<div class=\"elementor-icon-box-content\">\n\n\t\t\t\t\t\t\t\t\t<h3 class=\"elementor-icon-box-title\">\n\t\t\t\t\t\t<span  >\n\t\t\t\t\t\t\tGest\u00e3o empresarial\t\t\t\t\t\t<\/span>\n\t\t\t\t\t<\/h3>\n\t\t\t\t\n\t\t\t\t\t\t\t\t\t<p class=\"elementor-icon-box-description\">\n\t\t\t\t\t\tOtimize seus processos e reduza custos.\t\t\t\t\t<\/p>\n\t\t\t\t\n\t\t\t<\/div>\n\t\t\t\n\t\t<\/div>\n\t\t\t\t\t\t<\/div>\n\t\t\t\t<\/div>\n\t\t\t\t<\/div>\n\t\t<div class=\"elementor-element elementor-element-0a73f71 e-con-full e-flex e-con e-child\" data-id=\"0a73f71\" data-element_type=\"container\" data-e-type=\"container\">\n\t\t\t\t<div class=\"elementor-element elementor-element-d6ae72f elementor-view-stacked elementor-shape-square elementor-position-block-start elementor-mobile-position-block-start elementor-widget elementor-widget-icon-box\" data-id=\"d6ae72f\" data-element_type=\"widget\" data-e-type=\"widget\" data-widget_type=\"icon-box.default\">\n\t\t\t\t<div class=\"elementor-widget-container\">\n\t\t\t\t\t\t\t<div class=\"elementor-icon-box-wrapper\">\n\n\t\t\t\t\t\t<div class=\"elementor-icon-box-icon\">\n\t\t\t\t<span  class=\"elementor-icon\">\n\t\t\t\t<svg xmlns=\"http:\/\/www.w3.org\/2000\/svg\" height=\"512pt\" viewBox=\"0 0 512 512\" width=\"512pt\"><path d=\"m256 121c8.269531 0 15 6.730469 15 15s-6.730469 15-15 15c-5.339844 0-10.320312-2.878906-13.003906-7.511719-4.144532-7.171875-13.324219-9.621093-20.492188-5.472656-7.171875 4.148437-9.621094 13.324219-5.476562 20.496094 5.429687 9.382812 14.023437 16.351562 23.972656 19.882812v16.40625c0 8.285157 6.714844 15 15 15s15-6.714843 15-15v-16.378906c17.460938-6.195313 30-22.867187 30-42.421875 0-24.8125-20.1875-45-45-45-8.269531 0-15-6.730469-15-15s6.730469-15 15-15c5.339844 0 10.320312 2.878906 13.003906 7.511719 4.144532 7.171875 13.324219 9.621093 20.492188 5.472656 7.171875-4.148437 9.621094-13.324219 5.476562-20.496094-5.429687-9.382812-14.023437-16.351562-23.972656-19.882812v-18.605469c0-8.285156-6.714844-15-15-15s-15 6.714844-15 15v18.578125c-17.460938 6.195313-30 22.867187-30 42.421875 0 24.8125 20.1875 45 45 45zm0 0\"><\/path><path d=\"m316 301c0-33.085938-26.914062-60-60-60s-60 26.914062-60 60 26.914062 60 60 60 60-26.914062 60-60zm-60 30c-16.542969 0-30-13.457031-30-30s13.457031-30 30-30 30 13.457031 30 30-13.457031 30-30 30zm0 0\"><\/path><path d=\"m496 331c0-33.085938-26.914062-60-60-60s-60 26.914062-60 60 26.914062 60 60 60 60-26.914062 60-60zm-60 30c-16.542969 0-30-13.457031-30-30s13.457031-30 30-30 30 13.457031 30 30-13.457031 30-30 30zm0 0\"><\/path><path d=\"m136 361c0-33.085938-26.914062-60-60-60s-60 26.914062-60 60 26.914062 60 60 60 60-26.914062 60-60zm-60 30c-16.542969 0-30-13.457031-30-30s13.457031-30 30-30 30 13.457031 30 30-13.457031 30-30 30zm0 0\"><\/path><path d=\"m76 421c-20.03125 0-39.046875 7.980469-53.53125 22.46875-14.488281 14.484375-22.46875 33.5-22.46875 53.53125 0 8.285156 6.714844 15 15 15h121c8.285156 0 15-6.714844 15-15 0-20.03125-7.757812-39-21.847656-53.410156-14.238282-14.566406-33.113282-22.589844-53.152344-22.589844zm-43.386719 61c6.378907-17.832031 23.675781-31 43.386719-31 19.28125 0 36.199219 13.167969 42.441406 31zm0 0\"><\/path><path d=\"m489.53125 413.464844c-14.484375-14.484375-33.5-22.464844-53.53125-22.464844-20.039062 0-38.914062 8.023438-53.152344 22.589844-14.089844 14.410156-21.847656 33.378906-21.847656 53.410156 0-58.449219-47.101562-106-105-106s-105 47.550781-105 106v30c0 8.285156 6.714844 15 15 15h180c8.285156 0 15-6.714844 15-15 0 8.285156 6.714844 15 15 15h121c8.285156 0 15-6.714844 15-15v-30c0-20.035156-7.980469-39.046875-22.46875-53.535156zm-158.53125 68.535156h-150v-15c0-41.90625 33.644531-76 75-76s75 34.09375 75 76zm151 0h-91v-15c0-24.933594 20.605469-46 45-46 24.933594 0 46 21.066406 46 46zm0 0\"><\/path><\/svg>\t\t\t\t<\/span>\n\t\t\t<\/div>\n\t\t\t\n\t\t\t\t\t\t<div class=\"elementor-icon-box-content\">\n\n\t\t\t\t\t\t\t\t\t<h3 class=\"elementor-icon-box-title\">\n\t\t\t\t\t\t<span  >\n\t\t\t\t\t\t\tRecursos humanos\t\t\t\t\t\t<\/span>\n\t\t\t\t\t<\/h3>\n\t\t\t\t\n\t\t\t\t\t\t\t\t\t<p class=\"elementor-icon-box-description\">\n\t\t\t\t\t\tEncontre os melhores talentos para o seu neg\u00f3cio.\t\t\t\t\t<\/p>\n\t\t\t\t\n\t\t\t<\/div>\n\t\t\t\n\t\t<\/div>\n\t\t\t\t\t\t<\/div>\n\t\t\t\t<\/div>\n\t\t\t\t<\/div>\n\t\t<div class=\"elementor-element elementor-element-546a07a e-con-full e-flex e-con e-child\" data-id=\"546a07a\" data-element_type=\"container\" data-e-type=\"container\">\n\t\t\t\t<div class=\"elementor-element elementor-element-4b3d4a9 elementor-view-stacked elementor-shape-square elementor-position-block-start elementor-mobile-position-block-start elementor-widget elementor-widget-icon-box\" data-id=\"4b3d4a9\" data-element_type=\"widget\" data-e-type=\"widget\" data-widget_type=\"icon-box.default\">\n\t\t\t\t<div class=\"elementor-widget-container\">\n\t\t\t\t\t\t\t<div class=\"elementor-icon-box-wrapper\">\n\n\t\t\t\t\t\t<div class=\"elementor-icon-box-icon\">\n\t\t\t\t<span  class=\"elementor-icon\">\n\t\t\t\t<svg xmlns=\"http:\/\/www.w3.org\/2000\/svg\" id=\"Capa_1\" height=\"512\" viewBox=\"0 0 512 512\" width=\"512\"><g><path d=\"m501.743 270.638-80.428-26.809c-4.836-87.56-67.48-159.956-150.315-179.577v-17.87c0-8.284-6.716-15-15-15h-60.25c-8.284 0-15 6.716-15 15v17.87c-86.255 20.43-150.625 98.081-150.625 190.491v17.698c-17.529 6.198-30.125 22.928-30.125 42.552v30.125c0 8.284 6.716 15 15 15h287.593c7.455 55.044 45.477 101.793 99.289 119.73 1.539.513 3.142.77 4.743.77s3.204-.257 4.743-.77c60.192-20.063 100.632-76.172 100.632-139.619v-55.361c0-6.456-4.132-12.188-10.257-14.23zm-290.993-209.256h30.25v208.486h-30.25zm-150.625 193.361c0-75.758 51.09-139.807 120.625-159.505v174.63h-120.625zm241.125 75.375h-271.25v-15.125c0-8.34 6.785-15.125 15.125-15.125h256.125zm-30.25-60.25v-174.63c66.237 18.765 115.724 77.775 120.271 148.812l-77.455 25.818zm211 70.361c0 48.827-30.086 92.196-75.375 109.465-45.289-17.269-75.375-60.638-75.375-109.465v-44.55l75.375-25.125 75.375 25.126z\"><\/path><path d=\"m384.44 346.186c-4.917-6.668-14.308-8.085-20.976-3.171-6.667 4.917-8.087 14.308-3.171 20.976l15.618 21.182c2.925 3.966 7.462 6.099 12.084 6.099 2.664 0 5.357-.709 7.784-2.186l52.897-32.177c7.078-4.306 9.325-13.533 5.021-20.61s-13.533-9.327-20.61-5.021l-41.174 25.045z\"><\/path><\/g><\/svg>\t\t\t\t<\/span>\n\t\t\t<\/div>\n\t\t\t\n\t\t\t\t\t\t<div class=\"elementor-icon-box-content\">\n\n\t\t\t\t\t\t\t\t\t<h3 class=\"elementor-icon-box-title\">\n\t\t\t\t\t\t<span  >\n\t\t\t\t\t\t\tSeguran\u00e7a do trabalho\t\t\t\t\t\t<\/span>\n\t\t\t\t\t<\/h3>\n\t\t\t\t\n\t\t\t\t\t\t\t\t\t<p class=\"elementor-icon-box-description\">\n\t\t\t\t\t\tEncontre os melhores talentos para o seu neg\u00f3cio.\t\t\t\t\t<\/p>\n\t\t\t\t\n\t\t\t<\/div>\n\t\t\t\n\t\t<\/div>\n\t\t\t\t\t\t<\/div>\n\t\t\t\t<\/div>\n\t\t\t\t<\/div>\n\t\t\t\t\t<\/div>\n\t\t\t\t<\/div>\n\t\t<div class=\"elementor-element elementor-element-23f2ce6 e-flex e-con-boxed e-con e-parent\" data-id=\"23f2ce6\" data-element_type=\"container\" data-e-type=\"container\" data-settings=\"{&quot;background_background&quot;:&quot;gradient&quot;}\">\n\t\t\t\t\t<div class=\"e-con-inner\">\n\t\t\t\t<div class=\"elementor-element elementor-element-6287db5 elementor-absolute elementor-hidden-tablet elementor-hidden-mobile elementor-widget elementor-widget-image\" data-id=\"6287db5\" data-element_type=\"widget\" data-e-type=\"widget\" data-settings=\"{&quot;_position&quot;:&quot;absolute&quot;}\" data-widget_type=\"image.default\">\n\t\t\t\t<div class=\"elementor-widget-container\">\n\t\t\t\t\t\t\t\t\t\t\t\t\t\t\t<img decoding=\"async\" width=\"550\" height=\"550\" src=\"https:\/\/www.prosperacorp.com.br\/wp-content\/uploads\/2024\/08\/grafismo1.png\" class=\"attachment-large size-large wp-image-390\" alt=\"\" srcset=\"https:\/\/www.prosperacorp.com.br\/wp-content\/uploads\/2024\/08\/grafismo1.png 550w, https:\/\/www.prosperacorp.com.br\/wp-content\/uploads\/2024\/08\/grafismo1-300x300.png 300w, https:\/\/www.prosperacorp.com.br\/wp-content\/uploads\/2024\/08\/grafismo1-150x150.png 150w\" sizes=\"(max-width: 550px) 100vw, 550px\" \/>\t\t\t\t\t\t\t\t\t\t\t\t\t\t\t<\/div>\n\t\t\t\t<\/div>\n\t\t\t\t<div class=\"elementor-element elementor-element-6e1b445 elementor-widget elementor-widget-heading\" data-id=\"6e1b445\" data-element_type=\"widget\" data-e-type=\"widget\" data-widget_type=\"heading.default\">\n\t\t\t\t<div class=\"elementor-widget-container\">\n\t\t\t\t\t<h2 class=\"elementor-heading-title elementor-size-default\">Agende uma consulta gratuita e descubra como podemos te ajudar a alcan\u00e7ar seus objetivos!<\/h2>\t\t\t\t<\/div>\n\t\t\t\t<\/div>\n\t\t\t\t<div class=\"elementor-element elementor-element-4a3cb48 elementor-align-center elementor-widget elementor-widget-button\" data-id=\"4a3cb48\" data-element_type=\"widget\" data-e-type=\"widget\" data-widget_type=\"button.default\">\n\t\t\t\t<div class=\"elementor-widget-container\">\n\t\t\t\t\t\t\t\t\t<div class=\"elementor-button-wrapper\">\n\t\t\t\t\t<a class=\"elementor-button elementor-button-link elementor-size-sm elementor-animation-float\" href=\"#solucoes\">\n\t\t\t\t\t\t<span class=\"elementor-button-content-wrapper\">\n\t\t\t\t\t\t<span class=\"elementor-button-icon\">\n\t\t\t\t<i aria-hidden=\"true\" class=\"fab fa-whatsapp\"><\/i>\t\t\t<\/span>\n\t\t\t\t\t\t\t\t\t<span class=\"elementor-button-text\">Fale com um Especialista<\/span>\n\t\t\t\t\t<\/span>\n\t\t\t\t\t<\/a>\n\t\t\t\t<\/div>\n\t\t\t\t\t\t\t\t<\/div>\n\t\t\t\t<\/div>\n\t\t\t\t\t<\/div>\n\t\t\t\t<\/div>\n\t\t\t\t<\/div>\n\t\t","protected":false},"excerpt":{"rendered":"<p>HOME SOLU\u00c7\u00d5ES Seu parceiro estrat\u00e9gico para o sucesso do seu neg\u00f3cio. Descubra como a ProsperaCorp pode transformar a gest\u00e3o da sua empresa. Oferecemos solu\u00e7\u00f5es completas em contabilidade, gest\u00e3o empresarial e recursos humanos, personalizadas para as suas necessidades. Fale com um Especialista Contabilidade Transforme seus n\u00fameros em decis\u00f5es estrat\u00e9gicas. Gest\u00e3o empresarial Otimize seus processos e reduza [&hellip;]<\/p>\n","protected":false},"author":1,"featured_media":0,"parent":9,"menu_order":0,"comment_status":"closed","ping_status":"closed","template":"","meta":{"footnotes":""},"class_list":["post-11","page","type-page","status-publish","hentry"],"_links":{"self":[{"href":"https:\/\/www.prosperacorp.com.br\/index.php\/wp-json\/wp\/v2\/pages\/11","targetHints":{"allow":["GET"]}}],"collection":[{"href":"https:\/\/www.prosperacorp.com.br\/index.php\/wp-json\/wp\/v2\/pages"}],"about":[{"href":"https:\/\/www.prosperacorp.com.br\/index.php\/wp-json\/wp\/v2\/types\/page"}],"author":[{"embeddable":true,"href":"https:\/\/www.prosperacorp.com.br\/index.php\/wp-json\/wp\/v2\/users\/1"}],"replies":[{"embeddable":true,"href":"https:\/\/www.prosperacorp.com.br\/index.php\/wp-json\/wp\/v2\/comments?post=11"}],"version-history":[{"count":37,"href":"https:\/\/www.prosperacorp.com.br\/index.php\/wp-json\/wp\/v2\/pages\/11\/revisions"}],"predecessor-version":[{"id":528,"href":"https:\/\/www.prosperacorp.com.br\/index.php\/wp-json\/wp\/v2\/pages\/11\/revisions\/528"}],"up":[{"embeddable":true,"href":"https:\/\/www.prosperacorp.com.br\/index.php\/wp-json\/wp\/v2\/pages\/9"}],"wp:attachment":[{"href":"https:\/\/www.prosperacorp.com.br\/index.php\/wp-json\/wp\/v2\/media?parent=11"}],"curies":[{"name":"wp","href":"https:\/\/api.w.org\/{rel}","templated":true}]}}